{"id":1202,"date":"2022-08-17T18:47:59","date_gmt":"2022-08-17T18:47:59","guid":{"rendered":"https:\/\/www.nemoscience.rs\/ukljuci-se-i-ti\/"},"modified":"2022-08-17T18:47:59","modified_gmt":"2022-08-17T18:47:59","slug":"ukljuci-se-i-ti","status":"publish","type":"page","link":"https:\/\/www.nemoscience.rs\/en\/ukljuci-se-i-ti\/","title":{"rendered":"Uklju\u010di se i ti"},"content":{"rendered":"\t\t<div data-elementor-type=\"wp-page\" data-elementor-id=\"1202\" class=\"elementor elementor-1202 elementor-153\" data-elementor-post-type=\"page\">\n\t\t\t\t\t\t\t\t\t<section data-particle_enable=\"false\" data-particle-mobile-disabled=\"false\" class=\"elementor-section elementor-top-section elementor-element elementor-element-83e04ff elementor-section-full_width elementor-section-height-default elementor-section-height-default\" data-id=\"83e04ff\" data-element_type=\"section\" data-settings=\"{&quot;background_background&quot;:&quot;gradient&quot;,&quot;shape_divider_bottom&quot;:&quot;pyramids&quot;}\">\n\t\t\t\t\t\t\t<div class=\"elementor-background-overlay\"><\/div>\n\t\t\t\t\t\t<div class=\"elementor-shape elementor-shape-bottom\" data-negative=\"false\">\n\t\t\t<svg xmlns=\"http:\/\/www.w3.org\/2000\/svg\" viewBox=\"0 0 1000 100\" preserveAspectRatio=\"none\">\n\t<path class=\"elementor-shape-fill\" d=\"M761.9,44.1L643.1,27.2L333.8,98L0,3.8V0l1000,0v3.9\"\/>\n<\/svg>\t\t<\/div>\n\t\t\t\t\t<div class=\"elementor-container elementor-column-gap-default\">\n\t\t\t\t\t<div class=\"elementor-column elementor-col-100 elementor-top-column elementor-element elementor-element-610824d\" data-id=\"610824d\" data-element_type=\"column\">\n\t\t\t<div class=\"elementor-widget-wrap elementor-element-populated\">\n\t\t\t\t\t\t\t\t<div class=\"elementor-element elementor-element-d9cabf2 elementor-widget elementor-widget-heading\" data-id=\"d9cabf2\" data-element_type=\"widget\" data-widget_type=\"heading.default\">\n\t\t\t\t<div class=\"elementor-widget-container\">\n\t\t\t<style>\/*! elementor - v3.18.0 - 20-12-2023 *\/\n.elementor-heading-title{padding:0;margin:0;line-height:1}.elementor-widget-heading .elementor-heading-title[class*=elementor-size-]>a{color:inherit;font-size:inherit;line-height:inherit}.elementor-widget-heading .elementor-heading-title.elementor-size-small{font-size:15px}.elementor-widget-heading .elementor-heading-title.elementor-size-medium{font-size:19px}.elementor-widget-heading .elementor-heading-title.elementor-size-large{font-size:29px}.elementor-widget-heading .elementor-heading-title.elementor-size-xl{font-size:39px}.elementor-widget-heading .elementor-heading-title.elementor-size-xxl{font-size:59px}<\/style><h1 class=\"elementor-heading-title elementor-size-default\">Uklju\u010di se i ti<\/h1>\t\t<\/div>\n\t\t\t\t<\/div>\n\t\t\t\t<div class=\"elementor-element elementor-element-d0db4bb elementor-widget elementor-widget-elementskit-breadcrumb\" data-id=\"d0db4bb\" data-element_type=\"widget\" data-widget_type=\"elementskit-breadcrumb.default\">\n\t\t\t\t<div class=\"elementor-widget-container\">\n\t\t\t<div class=\"ekit-wid-con\" ><ol class=\"ekit-breadcrumb\"><li class=\"ekit_breadcrumbs_start\"><a href=\"https:\/\/www.nemoscience.rs\/en\/\">Home<\/a><\/li><\/ol><\/div>\t\t<\/div>\n\t\t\t\t<\/div>\n\t\t\t\t\t<\/div>\n\t\t<\/div>\n\t\t\t\t\t\t\t<\/div>\n\t\t<\/section>\n\t\t\t\t\t\t\t<\/div>\n\t\t","protected":false},"excerpt":{"rendered":"<p>Home<\/p>\n","protected":false},"author":1,"featured_media":0,"parent":0,"menu_order":0,"comment_status":"closed","ping_status":"closed","template":"","meta":{"footnotes":""},"yoast_head":"<!-- This site is optimized with the Yoast SEO plugin v21.8.1 - https:\/\/yoast.com\/wordpress\/plugins\/seo\/ -->\n<title>Uklju\u010di se i ti - Nemo Science<\/title>\n<meta name=\"robots\" content=\"index, follow, max-snippet:-1, max-image-preview:large, max-video-preview:-1\" \/>\n<link rel=\"canonical\" href=\"https:\/\/www.nemoscience.rs\/en\/ukljuci-se-i-ti\/\" \/>\n<meta property=\"og:locale\" content=\"en_US\" \/>\n<meta property=\"og:type\" content=\"article\" \/>\n<meta property=\"og:title\" content=\"Uklju\u010di se i ti - Nemo Science\" \/>\n<meta property=\"og:description\" content=\"Home\" \/>\n<meta property=\"og:url\" content=\"https:\/\/www.nemoscience.rs\/en\/ukljuci-se-i-ti\/\" \/>\n<meta property=\"og:site_name\" content=\"Nemo Science\" \/>\n<meta name=\"twitter:card\" content=\"summary_large_image\" \/>\n<script type=\"application\/ld+json\" class=\"yoast-schema-graph\">{\"@context\":\"https:\/\/schema.org\",\"@graph\":[{\"@type\":\"WebPage\",\"@id\":\"https:\/\/www.nemoscience.rs\/en\/ukljuci-se-i-ti\/\",\"url\":\"https:\/\/www.nemoscience.rs\/en\/ukljuci-se-i-ti\/\",\"name\":\"Uklju\u010di se i ti - Nemo Science\",\"isPartOf\":{\"@id\":\"https:\/\/www.nemoscience.rs\/#website\"},\"datePublished\":\"2022-08-17T18:47:59+00:00\",\"dateModified\":\"2022-08-17T18:47:59+00:00\",\"breadcrumb\":{\"@id\":\"https:\/\/www.nemoscience.rs\/en\/ukljuci-se-i-ti\/#breadcrumb\"},\"inLanguage\":\"en-US\",\"potentialAction\":[{\"@type\":\"ReadAction\",\"target\":[\"https:\/\/www.nemoscience.rs\/en\/ukljuci-se-i-ti\/\"]}]},{\"@type\":\"BreadcrumbList\",\"@id\":\"https:\/\/www.nemoscience.rs\/en\/ukljuci-se-i-ti\/#breadcrumb\",\"itemListElement\":[{\"@type\":\"ListItem\",\"position\":1,\"name\":\"Po\u010detna\",\"item\":\"https:\/\/www.nemoscience.rs\/en\/\"},{\"@type\":\"ListItem\",\"position\":2,\"name\":\"Uklju\u010di se i ti\"}]},{\"@type\":\"WebSite\",\"@id\":\"https:\/\/www.nemoscience.rs\/#website\",\"url\":\"https:\/\/www.nemoscience.rs\/\",\"name\":\"Nemo Science\",\"description\":\"Mi smo akademska nau\u010dnoistra\u017eiva\u010dka grupa koja te\u017ei da proizvede nau\u010dne rezultate i da pru\u017ei ta\u010dne i precizne informacije o napretku u ista\u017eivanju iz oblasti neuronauka i psihijatrije\",\"publisher\":{\"@id\":\"https:\/\/www.nemoscience.rs\/#organization\"},\"potentialAction\":[{\"@type\":\"SearchAction\",\"target\":{\"@type\":\"EntryPoint\",\"urlTemplate\":\"https:\/\/www.nemoscience.rs\/?s={search_term_string}\"},\"query-input\":\"required name=search_term_string\"}],\"inLanguage\":\"en-US\"},{\"@type\":\"Organization\",\"@id\":\"https:\/\/www.nemoscience.rs\/#organization\",\"name\":\"Nemo Science\",\"url\":\"https:\/\/www.nemoscience.rs\/\",\"logo\":{\"@type\":\"ImageObject\",\"inLanguage\":\"en-US\",\"@id\":\"https:\/\/www.nemoscience.rs\/#\/schema\/logo\/image\/\",\"url\":\"https:\/\/www.nemoscience.rs\/wp-content\/uploads\/2022\/08\/NEMO-LOGO-2.png\",\"contentUrl\":\"https:\/\/www.nemoscience.rs\/wp-content\/uploads\/2022\/08\/NEMO-LOGO-2.png\",\"width\":600,\"height\":273,\"caption\":\"Nemo Science\"},\"image\":{\"@id\":\"https:\/\/www.nemoscience.rs\/#\/schema\/logo\/image\/\"}}]}<\/script>\n<!-- \/ Yoast SEO plugin. -->","yoast_head_json":{"title":"Uklju\u010di se i ti - Nemo Science","robots":{"index":"index","follow":"follow","max-snippet":"max-snippet:-1","max-image-preview":"max-image-preview:large","max-video-preview":"max-video-preview:-1"},"canonical":"https:\/\/www.nemoscience.rs\/en\/ukljuci-se-i-ti\/","og_locale":"en_US","og_type":"article","og_title":"Uklju\u010di se i ti - Nemo Science","og_description":"Home","og_url":"https:\/\/www.nemoscience.rs\/en\/ukljuci-se-i-ti\/","og_site_name":"Nemo Science","twitter_card":"summary_large_image","schema":{"@context":"https:\/\/schema.org","@graph":[{"@type":"WebPage","@id":"https:\/\/www.nemoscience.rs\/en\/ukljuci-se-i-ti\/","url":"https:\/\/www.nemoscience.rs\/en\/ukljuci-se-i-ti\/","name":"Uklju\u010di se i ti - Nemo Science","isPartOf":{"@id":"https:\/\/www.nemoscience.rs\/#website"},"datePublished":"2022-08-17T18:47:59+00:00","dateModified":"2022-08-17T18:47:59+00:00","breadcrumb":{"@id":"https:\/\/www.nemoscience.rs\/en\/ukljuci-se-i-ti\/#breadcrumb"},"inLanguage":"en-US","potentialAction":[{"@type":"ReadAction","target":["https:\/\/www.nemoscience.rs\/en\/ukljuci-se-i-ti\/"]}]},{"@type":"BreadcrumbList","@id":"https:\/\/www.nemoscience.rs\/en\/ukljuci-se-i-ti\/#breadcrumb","itemListElement":[{"@type":"ListItem","position":1,"name":"Po\u010detna","item":"https:\/\/www.nemoscience.rs\/en\/"},{"@type":"ListItem","position":2,"name":"Uklju\u010di se i ti"}]},{"@type":"WebSite","@id":"https:\/\/www.nemoscience.rs\/#website","url":"https:\/\/www.nemoscience.rs\/","name":"Nemo Science","description":"Mi smo akademska nau\u010dnoistra\u017eiva\u010dka grupa koja te\u017ei da proizvede nau\u010dne rezultate i da pru\u017ei ta\u010dne i precizne informacije o napretku u ista\u017eivanju iz oblasti neuronauka i psihijatrije","publisher":{"@id":"https:\/\/www.nemoscience.rs\/#organization"},"potentialAction":[{"@type":"SearchAction","target":{"@type":"EntryPoint","urlTemplate":"https:\/\/www.nemoscience.rs\/?s={search_term_string}"},"query-input":"required name=search_term_string"}],"inLanguage":"en-US"},{"@type":"Organization","@id":"https:\/\/www.nemoscience.rs\/#organization","name":"Nemo Science","url":"https:\/\/www.nemoscience.rs\/","logo":{"@type":"ImageObject","inLanguage":"en-US","@id":"https:\/\/www.nemoscience.rs\/#\/schema\/logo\/image\/","url":"https:\/\/www.nemoscience.rs\/wp-content\/uploads\/2022\/08\/NEMO-LOGO-2.png","contentUrl":"https:\/\/www.nemoscience.rs\/wp-content\/uploads\/2022\/08\/NEMO-LOGO-2.png","width":600,"height":273,"caption":"Nemo Science"},"image":{"@id":"https:\/\/www.nemoscience.rs\/#\/schema\/logo\/image\/"}}]}},"_links":{"self":[{"href":"https:\/\/www.nemoscience.rs\/en\/wp-json\/wp\/v2\/pages\/1202"}],"collection":[{"href":"https:\/\/www.nemoscience.rs\/en\/wp-json\/wp\/v2\/pages"}],"about":[{"href":"https:\/\/www.nemoscience.rs\/en\/wp-json\/wp\/v2\/types\/page"}],"author":[{"embeddable":true,"href":"https:\/\/www.nemoscience.rs\/en\/wp-json\/wp\/v2\/users\/1"}],"replies":[{"embeddable":true,"href":"https:\/\/www.nemoscience.rs\/en\/wp-json\/wp\/v2\/comments?post=1202"}],"version-history":[{"count":0,"href":"https:\/\/www.nemoscience.rs\/en\/wp-json\/wp\/v2\/pages\/1202\/revisions"}],"wp:attachment":[{"href":"https:\/\/www.nemoscience.rs\/en\/wp-json\/wp\/v2\/media?parent=1202"}],"curies":[{"name":"wp","href":"https:\/\/api.w.org\/{rel}","templated":true}]}}