{"id":1204,"date":"2022-08-17T18:32:25","date_gmt":"2022-08-17T18:32:25","guid":{"rendered":"https:\/\/www.nemoscience.rs\/nagrade-i-priznanja\/"},"modified":"2022-08-24T16:17:05","modified_gmt":"2022-08-24T16:17:05","slug":"awards-and-honours","status":"publish","type":"page","link":"https:\/\/www.nemoscience.rs\/en\/awards-and-honours\/","title":{"rendered":"Awards and Honours"},"content":{"rendered":"\t\t<div data-elementor-type=\"wp-page\" data-elementor-id=\"1204\" class=\"elementor elementor-1204 elementor-128\" data-elementor-post-type=\"page\">\n\t\t\t\t\t\t\t\t\t<section data-particle_enable=\"false\" data-particle-mobile-disabled=\"false\" class=\"elementor-section elementor-top-section elementor-element elementor-element-c40c2bf elementor-section-full_width elementor-section-height-default elementor-section-height-default\" data-id=\"c40c2bf\" data-element_type=\"section\" data-settings=\"{&quot;background_background&quot;:&quot;gradient&quot;,&quot;shape_divider_bottom&quot;:&quot;pyramids&quot;}\">\n\t\t\t\t\t\t\t<div class=\"elementor-background-overlay\"><\/div>\n\t\t\t\t\t\t<div class=\"elementor-shape elementor-shape-bottom\" data-negative=\"false\">\n\t\t\t<svg xmlns=\"http:\/\/www.w3.org\/2000\/svg\" viewBox=\"0 0 1000 100\" preserveAspectRatio=\"none\">\n\t<path class=\"elementor-shape-fill\" d=\"M761.9,44.1L643.1,27.2L333.8,98L0,3.8V0l1000,0v3.9\"\/>\n<\/svg>\t\t<\/div>\n\t\t\t\t\t<div class=\"elementor-container elementor-column-gap-default\">\n\t\t\t\t\t<div class=\"elementor-column elementor-col-100 elementor-top-column elementor-element elementor-element-dcc1b59\" data-id=\"dcc1b59\" data-element_type=\"column\">\n\t\t\t<div class=\"elementor-widget-wrap elementor-element-populated\">\n\t\t\t\t\t\t\t\t<div class=\"elementor-element elementor-element-321e20a elementor-widget elementor-widget-heading\" data-id=\"321e20a\" data-element_type=\"widget\" data-widget_type=\"heading.default\">\n\t\t\t\t<div class=\"elementor-widget-container\">\n\t\t\t<style>\/*! elementor - v3.18.0 - 20-12-2023 *\/\n.elementor-heading-title{padding:0;margin:0;line-height:1}.elementor-widget-heading .elementor-heading-title[class*=elementor-size-]>a{color:inherit;font-size:inherit;line-height:inherit}.elementor-widget-heading .elementor-heading-title.elementor-size-small{font-size:15px}.elementor-widget-heading .elementor-heading-title.elementor-size-medium{font-size:19px}.elementor-widget-heading .elementor-heading-title.elementor-size-large{font-size:29px}.elementor-widget-heading .elementor-heading-title.elementor-size-xl{font-size:39px}.elementor-widget-heading .elementor-heading-title.elementor-size-xxl{font-size:59px}<\/style><h1 class=\"elementor-heading-title elementor-size-default\">Awards and Honours<\/h1>\t\t<\/div>\n\t\t\t\t<\/div>\n\t\t\t\t<div class=\"elementor-element elementor-element-8f3f100 elementor-widget elementor-widget-elementskit-breadcrumb\" data-id=\"8f3f100\" data-element_type=\"widget\" data-widget_type=\"elementskit-breadcrumb.default\">\n\t\t\t\t<div class=\"elementor-widget-container\">\n\t\t\t<div class=\"ekit-wid-con\" ><ol class=\"ekit-breadcrumb\"><li class=\"ekit_breadcrumbs_start\"><a href=\"https:\/\/www.nemoscience.rs\/en\/\">Home<\/a><\/li><\/ol><\/div>\t\t<\/div>\n\t\t\t\t<\/div>\n\t\t\t\t\t<\/div>\n\t\t<\/div>\n\t\t\t\t\t\t\t<\/div>\n\t\t<\/section>\n\t\t\t\t<section data-particle_enable=\"false\" data-particle-mobile-disabled=\"false\" class=\"elementor-section elementor-top-section elementor-element elementor-element-52b7bcd elementor-section-boxed elementor-section-height-default elementor-section-height-default\" data-id=\"52b7bcd\" data-element_type=\"section\">\n\t\t\t\t\t\t<div class=\"elementor-container elementor-column-gap-default\">\n\t\t\t\t\t<div class=\"elementor-column elementor-col-100 elementor-top-column elementor-element elementor-element-9deae79\" data-id=\"9deae79\" data-element_type=\"column\">\n\t\t\t<div class=\"elementor-widget-wrap elementor-element-populated\">\n\t\t\t\t\t\t\t\t<div class=\"elementor-element elementor-element-2a23535 elementor-widget elementor-widget-text-editor\" data-id=\"2a23535\" data-element_type=\"widget\" data-widget_type=\"text-editor.default\">\n\t\t\t\t<div class=\"elementor-widget-container\">\n\t\t\t<style>\/*! elementor - v3.18.0 - 20-12-2023 *\/\n.elementor-widget-text-editor.elementor-drop-cap-view-stacked .elementor-drop-cap{background-color:#69727d;color:#fff}.elementor-widget-text-editor.elementor-drop-cap-view-framed .elementor-drop-cap{color:#69727d;border:3px solid;background-color:transparent}.elementor-widget-text-editor:not(.elementor-drop-cap-view-default) .elementor-drop-cap{margin-top:8px}.elementor-widget-text-editor:not(.elementor-drop-cap-view-default) .elementor-drop-cap-letter{width:1em;height:1em}.elementor-widget-text-editor .elementor-drop-cap{float:left;text-align:center;line-height:1;font-size:50px}.elementor-widget-text-editor .elementor-drop-cap-letter{display:inline-block}<\/style>\t\t\t\t<h2>2021<\/h2><ul><li>The International Medis Awards for Medical Research for the best research paper in 2021\u00a0in South-East Europein the field of pharmacy <strong>Marin Juki\u0107<\/strong><\/li><li>Award for the best research paper published from the\u00a0University of Belgrade by\u00a0foundation\u00a0\u201cVeselin Lu\u010di\u0107\u201d for 2021 <strong>Marin Juki\u0107, Filip Milosavljevi\u0107<\/strong><\/li><li>ECNP Excellence grant &#8211; competitive travel grant for the visit of ECNP 2022 congress, Vienna, Austria <strong>Filip Milosavljevi\u0107, Aleksandra Jeremi\u0107, Marina Manojlovi\u0107, Andrea Atanasov, Petar Vukovi\u0107<\/strong><\/li><li>Scholarship of Foundation for Young Talents issued by Ministry of Youth and Sport, Republic of Serbia <strong>Marina Manojlovi\u0107, Andrea Atanasov<\/strong><\/li><li>Laureat of the Scientific Foundation Professor Ivan Berke\u0161 Issued by Society of Medical Biochemists of Serbia <strong>Andrea Atanasov<\/strong><\/li><li>Annual Faculty of Pharmacy Award <strong>Andrea Atanasov<\/strong><\/li><\/ul><h2>2020<\/h2><ul><li>Award for the best research paper published from the\u00a0University of Belgrade by\u00a0foundation\u00a0\u201c\u0110oka Vlajkovi\u0107\u201d for 2020 <strong>Marin Juki\u0107<\/strong><\/li><li>Scholarship of Foundation for Young Talents issued by Ministry of Youth and Sport, Republic of Serbia <strong>Aleksandra Jeremi\u0107<\/strong><\/li><li>Annual Faculty of Pharmacy Award <strong>Andrea Atanasov<\/strong><\/li><li>Scholarship for exceptionally talented students Issued by Ministry of Education, Science and Technological Development, Republic of Serbia <strong>Marina Manojlovi\u0107<\/strong><\/li><\/ul><h2>2019<\/h2><ul><li>The International Medis Awards for Medical Research for the best research paper in 2019\u00a0in South-East Europein the field of\u00a0pharmacy <strong>Marin Juki\u0107<\/strong><\/li><li>Award for the best research paper published from the University of Belgrade by foundation \u201c\u0110oka Vlajkovi\u0107\u201d for 2019 <strong>Marin Juki\u0107<\/strong><\/li><li>Invitation for the oral presentation at the \u201cNew findings\u201dsymposium at the 32nd ECNP Congress, Copenhagen, Denmark\u00a0 <strong>Filip Milosavljevi\u0107<\/strong><\/li><li>Poster award at ECNP workshop, Nice, France <strong>Filip Milosavljevi\u0107<\/strong><\/li><li>Faculty of Pharmacy &#8211; University of Belgrade annual poster award for PhD students <strong>Filip Milosavljevi\u0107<\/strong><\/li><li>Annual Faculty of Pharmacy Award <strong>Andrea Atanasov<\/strong><\/li><li>Award for the best graduate student at Medical school for year 2019, Legacy of \u201cNikola Spasi\u0107\u201d <strong>Petar Vukovi\u0107<\/strong><\/li><li>Scholarship of Foundation for Young Talents issued by Ministry of Youth and Sport, Republic of Serbia <strong>Petar Vukovi\u0107<\/strong><\/li><\/ul><h2>2018<\/h2><ul><li>The International Medis Awards for Medical Research for the best research paper in 2018\u00a0in South-East Europein the field of\u00a0pharmacy <strong>Marin Juki\u0107<\/strong><\/li><li>The best students scientific work in field of medical sciences on University of Belgrade <strong>Aleksandra Jeremi\u0107<\/strong><\/li><li>Annual Faculty of Pharmacy Award <strong>Aleksandra Jeremi\u0107, Andrea Atanasov<\/strong><\/li><li>Scholarship for the best medical students, Legacy of \u201cRade i Milana Vuki\u0107evi\u0107a\u201d <strong>Petar Vukovi\u0107<\/strong><\/li><\/ul><h2>2017<\/h2><ul><li>International brain research organization InEUROPE short stay grant; went to Medical\u00a0university of Vienna\u00a0\u2013Neuroimaging lab PI: Rupert Lanzenberger <strong>Marin Juki\u0107<\/strong><\/li><li>Scholarship for exceptionally talented students Issued by Ministry of Education, Science and Technological Development, Republic of Serbia <strong>Aleksandra Jeremi\u0107<\/strong><\/li><li>Annual Faculty of Pharmacy Award <strong>Aleksandra Jeremi\u0107, Andrea Atanasov<\/strong><\/li><\/ul>\t\t\t\t\t\t<\/div>\n\t\t\t\t<\/div>\n\t\t\t\t\t<\/div>\n\t\t<\/div>\n\t\t\t\t\t\t\t<\/div>\n\t\t<\/section>\n\t\t\t\t\t\t\t<\/div>\n\t\t","protected":false},"excerpt":{"rendered":"<p>Home 2021 The International Medis Awards for Medical Research for the best research paper in 2021\u00a0in South-East Europein the field of pharmacy Marin Juki\u0107 Award for the best research paper published from the\u00a0University of Belgrade by\u00a0foundation\u00a0\u201cVeselin Lu\u010di\u0107\u201d for 2021 Marin Juki\u0107, Filip Milosavljevi\u0107 ECNP Excellence grant &#8211; competitive travel grant for the visit of ECNP [&hellip;]<\/p>\n","protected":false},"author":1,"featured_media":0,"parent":0,"menu_order":0,"comment_status":"closed","ping_status":"closed","template":"","meta":{"footnotes":""},"yoast_head":"<!-- This site is optimized with the Yoast SEO plugin v21.8.1 - https:\/\/yoast.com\/wordpress\/plugins\/seo\/ -->\n<title>Awards and Honours - Nemo Science<\/title>\n<meta name=\"robots\" content=\"index, follow, max-snippet:-1, max-image-preview:large, max-video-preview:-1\" \/>\n<link rel=\"canonical\" href=\"https:\/\/www.nemoscience.rs\/nagrade-i-priznanja\/\" \/>\n<meta property=\"og:locale\" content=\"en_US\" \/>\n<meta property=\"og:type\" content=\"article\" \/>\n<meta property=\"og:title\" content=\"Awards and Honours - Nemo Science\" \/>\n<meta property=\"og:description\" content=\"Home 2021 The International Medis Awards for Medical Research for the best research paper in 2021\u00a0in South-East Europein the field of pharmacy Marin Juki\u0107 Award for the best research paper published from the\u00a0University of Belgrade by\u00a0foundation\u00a0\u201cVeselin Lu\u010di\u0107\u201d for 2021 Marin Juki\u0107, Filip Milosavljevi\u0107 ECNP Excellence grant &#8211; competitive travel grant for the visit of ECNP [&hellip;]\" \/>\n<meta property=\"og:url\" content=\"https:\/\/www.nemoscience.rs\/nagrade-i-priznanja\/\" \/>\n<meta property=\"og:site_name\" content=\"Nemo Science\" \/>\n<meta property=\"article:modified_time\" content=\"2022-08-24T16:17:05+00:00\" \/>\n<meta name=\"twitter:card\" content=\"summary_large_image\" \/>\n<meta name=\"twitter:label1\" content=\"Est. reading time\" \/>\n\t<meta name=\"twitter:data1\" content=\"2 minutes\" \/>\n<script type=\"application\/ld+json\" class=\"yoast-schema-graph\">{\"@context\":\"https:\/\/schema.org\",\"@graph\":[{\"@type\":\"WebPage\",\"@id\":\"https:\/\/www.nemoscience.rs\/nagrade-i-priznanja\/\",\"url\":\"https:\/\/www.nemoscience.rs\/nagrade-i-priznanja\/\",\"name\":\"Awards and Honours - Nemo Science\",\"isPartOf\":{\"@id\":\"https:\/\/www.nemoscience.rs\/#website\"},\"datePublished\":\"2022-08-17T18:32:25+00:00\",\"dateModified\":\"2022-08-24T16:17:05+00:00\",\"breadcrumb\":{\"@id\":\"https:\/\/www.nemoscience.rs\/nagrade-i-priznanja\/#breadcrumb\"},\"inLanguage\":\"en-US\",\"potentialAction\":[{\"@type\":\"ReadAction\",\"target\":[\"https:\/\/www.nemoscience.rs\/nagrade-i-priznanja\/\"]}]},{\"@type\":\"BreadcrumbList\",\"@id\":\"https:\/\/www.nemoscience.rs\/nagrade-i-priznanja\/#breadcrumb\",\"itemListElement\":[{\"@type\":\"ListItem\",\"position\":1,\"name\":\"Po\u010detna\",\"item\":\"https:\/\/www.nemoscience.rs\/en\/\"},{\"@type\":\"ListItem\",\"position\":2,\"name\":\"Awards and Honours\"}]},{\"@type\":\"WebSite\",\"@id\":\"https:\/\/www.nemoscience.rs\/#website\",\"url\":\"https:\/\/www.nemoscience.rs\/\",\"name\":\"Nemo Science\",\"description\":\"Mi smo akademska nau\u010dnoistra\u017eiva\u010dka grupa koja te\u017ei da proizvede nau\u010dne rezultate i da pru\u017ei ta\u010dne i precizne informacije o napretku u ista\u017eivanju iz oblasti neuronauka i psihijatrije\",\"publisher\":{\"@id\":\"https:\/\/www.nemoscience.rs\/#organization\"},\"potentialAction\":[{\"@type\":\"SearchAction\",\"target\":{\"@type\":\"EntryPoint\",\"urlTemplate\":\"https:\/\/www.nemoscience.rs\/?s={search_term_string}\"},\"query-input\":\"required name=search_term_string\"}],\"inLanguage\":\"en-US\"},{\"@type\":\"Organization\",\"@id\":\"https:\/\/www.nemoscience.rs\/#organization\",\"name\":\"Nemo Science\",\"url\":\"https:\/\/www.nemoscience.rs\/\",\"logo\":{\"@type\":\"ImageObject\",\"inLanguage\":\"en-US\",\"@id\":\"https:\/\/www.nemoscience.rs\/#\/schema\/logo\/image\/\",\"url\":\"https:\/\/www.nemoscience.rs\/wp-content\/uploads\/2022\/08\/NEMO-LOGO-2.png\",\"contentUrl\":\"https:\/\/www.nemoscience.rs\/wp-content\/uploads\/2022\/08\/NEMO-LOGO-2.png\",\"width\":600,\"height\":273,\"caption\":\"Nemo Science\"},\"image\":{\"@id\":\"https:\/\/www.nemoscience.rs\/#\/schema\/logo\/image\/\"}}]}<\/script>\n<!-- \/ Yoast SEO plugin. -->","yoast_head_json":{"title":"Awards and Honours - Nemo Science","robots":{"index":"index","follow":"follow","max-snippet":"max-snippet:-1","max-image-preview":"max-image-preview:large","max-video-preview":"max-video-preview:-1"},"canonical":"https:\/\/www.nemoscience.rs\/nagrade-i-priznanja\/","og_locale":"en_US","og_type":"article","og_title":"Awards and Honours - Nemo Science","og_description":"Home 2021 The International Medis Awards for Medical Research for the best research paper in 2021\u00a0in South-East Europein the field of pharmacy Marin Juki\u0107 Award for the best research paper published from the\u00a0University of Belgrade by\u00a0foundation\u00a0\u201cVeselin Lu\u010di\u0107\u201d for 2021 Marin Juki\u0107, Filip Milosavljevi\u0107 ECNP Excellence grant &#8211; competitive travel grant for the visit of ECNP [&hellip;]","og_url":"https:\/\/www.nemoscience.rs\/nagrade-i-priznanja\/","og_site_name":"Nemo Science","article_modified_time":"2022-08-24T16:17:05+00:00","twitter_card":"summary_large_image","twitter_misc":{"Est. reading time":"2 minutes"},"schema":{"@context":"https:\/\/schema.org","@graph":[{"@type":"WebPage","@id":"https:\/\/www.nemoscience.rs\/nagrade-i-priznanja\/","url":"https:\/\/www.nemoscience.rs\/nagrade-i-priznanja\/","name":"Awards and Honours - Nemo Science","isPartOf":{"@id":"https:\/\/www.nemoscience.rs\/#website"},"datePublished":"2022-08-17T18:32:25+00:00","dateModified":"2022-08-24T16:17:05+00:00","breadcrumb":{"@id":"https:\/\/www.nemoscience.rs\/nagrade-i-priznanja\/#breadcrumb"},"inLanguage":"en-US","potentialAction":[{"@type":"ReadAction","target":["https:\/\/www.nemoscience.rs\/nagrade-i-priznanja\/"]}]},{"@type":"BreadcrumbList","@id":"https:\/\/www.nemoscience.rs\/nagrade-i-priznanja\/#breadcrumb","itemListElement":[{"@type":"ListItem","position":1,"name":"Po\u010detna","item":"https:\/\/www.nemoscience.rs\/en\/"},{"@type":"ListItem","position":2,"name":"Awards and Honours"}]},{"@type":"WebSite","@id":"https:\/\/www.nemoscience.rs\/#website","url":"https:\/\/www.nemoscience.rs\/","name":"Nemo Science","description":"Mi smo akademska nau\u010dnoistra\u017eiva\u010dka grupa koja te\u017ei da proizvede nau\u010dne rezultate i da pru\u017ei ta\u010dne i precizne informacije o napretku u ista\u017eivanju iz oblasti neuronauka i psihijatrije","publisher":{"@id":"https:\/\/www.nemoscience.rs\/#organization"},"potentialAction":[{"@type":"SearchAction","target":{"@type":"EntryPoint","urlTemplate":"https:\/\/www.nemoscience.rs\/?s={search_term_string}"},"query-input":"required name=search_term_string"}],"inLanguage":"en-US"},{"@type":"Organization","@id":"https:\/\/www.nemoscience.rs\/#organization","name":"Nemo Science","url":"https:\/\/www.nemoscience.rs\/","logo":{"@type":"ImageObject","inLanguage":"en-US","@id":"https:\/\/www.nemoscience.rs\/#\/schema\/logo\/image\/","url":"https:\/\/www.nemoscience.rs\/wp-content\/uploads\/2022\/08\/NEMO-LOGO-2.png","contentUrl":"https:\/\/www.nemoscience.rs\/wp-content\/uploads\/2022\/08\/NEMO-LOGO-2.png","width":600,"height":273,"caption":"Nemo Science"},"image":{"@id":"https:\/\/www.nemoscience.rs\/#\/schema\/logo\/image\/"}}]}},"_links":{"self":[{"href":"https:\/\/www.nemoscience.rs\/en\/wp-json\/wp\/v2\/pages\/1204"}],"collection":[{"href":"https:\/\/www.nemoscience.rs\/en\/wp-json\/wp\/v2\/pages"}],"about":[{"href":"https:\/\/www.nemoscience.rs\/en\/wp-json\/wp\/v2\/types\/page"}],"author":[{"embeddable":true,"href":"https:\/\/www.nemoscience.rs\/en\/wp-json\/wp\/v2\/users\/1"}],"replies":[{"embeddable":true,"href":"https:\/\/www.nemoscience.rs\/en\/wp-json\/wp\/v2\/comments?post=1204"}],"version-history":[{"count":14,"href":"https:\/\/www.nemoscience.rs\/en\/wp-json\/wp\/v2\/pages\/1204\/revisions"}],"predecessor-version":[{"id":1376,"href":"https:\/\/www.nemoscience.rs\/en\/wp-json\/wp\/v2\/pages\/1204\/revisions\/1376"}],"wp:attachment":[{"href":"https:\/\/www.nemoscience.rs\/en\/wp-json\/wp\/v2\/media?parent=1204"}],"curies":[{"name":"wp","href":"https:\/\/api.w.org\/{rel}","templated":true}]}}